{"id":6,"date":"2017-11-30T08:24:57","date_gmt":"2017-11-30T08:24:57","guid":{"rendered":"http:\/\/www.storydata.es\/relatsoberts\/home\/"},"modified":"2017-12-12T20:07:30","modified_gmt":"2017-12-12T20:07:30","slug":"home","status":"publish","type":"page","link":"https:\/\/www.storydata.es\/relatsoberts\/","title":{"rendered":"INICI"},"content":{"rendered":"[vc_row type=&#8221;full_width_background&#8221; full_screen_row_position=&#8221;middle&#8221; scene_position=&#8221;center&#8221; text_color=&#8221;dark&#8221; text_align=&#8221;center&#8221; overlay_strength=&#8221;0.3&#8243; shape_divider_position=&#8221;bottom&#8221; shape_type=&#8221;&#8221;][vc_column centered_text=&#8221;true&#8221; column_padding=&#8221;no-extra-padding&#8221; column_padding_position=&#8221;all&#8221; background_color_opacity=&#8221;1&#8243; background_hover_color_opacity=&#8221;1&#8243; column_shadow=&#8221;none&#8221; column_border_radius=&#8221;none&#8221; width=&#8221;1\/1&#8243; tablet_text_alignment=&#8221;center&#8221; phone_text_alignment=&#8221;center&#8221; column_border_width=&#8221;none&#8221; column_border_style=&#8221;solid&#8221;]<div style=\"height: 650px\"  data-transition=\"slide\" data-overall_style=\"classic\" data-flexible-height=\"true\" data-animate-in-effect=\"none\" data-fullscreen=\"true\" data-button-sizing=\"regular\" data-button-styling=\"btn_with_count\" data-autorotate=\"\" data-parallax=\"false\" data-full-width=\"true\" class=\"nectar-slider-wrap \" id=\"ns-id-69e7eda5828ef\">\r\n\t\t\t<div style=\"height: 650px\" class=\"swiper-container\"  data-tho=\"auto\" data-tco=\"auto\" data-pho=\"auto\" data-pco=\"auto\" data-loop=\"false\" data-height=\"650\" data-min-height=\"\" data-arrows=\"false\" data-bullets=\"false\" data-bullet_style=\"see_through\" data-desktop-swipe=\"false\" data-settings=\"\">\r\n\t\t\t\t    <div class=\"swiper-wrapper\"><div class=\"swiper-slide\" data-bg-alignment=\"center\" data-color-scheme=\"dark\" data-x-pos=\"centered\" data-y-pos=\"middle\"> \r\n\t\t\t\t\t\t\t\t<div class=\"image-bg\" style=\"background-image: url(https:\/\/www.storydata.es\/relatsoberts\/wp-content\/uploads\/sites\/3\/2017\/12\/relatsobert-fons.png);\"> &nbsp; <\/div><a href=\"#\" class=\"slider-down-arrow\"><i class=\"icon-salient-down-arrow icon-default-style\"> <span class=\"ie-fix\"><\/span> <\/i><\/a><div class=\"video-texture active_texture\"> <span class=\"ie-fix\"><\/span> <\/div><\/div><!--\/swiper-slide--><\/div><div class=\"nectar-slider-loading \"> <span class=\"loading-icon none\">   <\/span> <\/div> <\/div> \r\n\t\t\t\t\r\n\t\t\t<\/div>[\/vc_column][\/vc_row][vc_row type=&#8221;full_width_background&#8221; full_screen_row_position=&#8221;middle&#8221; bg_color=&#8221;#ffffff&#8221; scene_position=&#8221;center&#8221; text_color=&#8221;dark&#8221; text_align=&#8221;center&#8221; overlay_strength=&#8221;0.3&#8243; shape_divider_position=&#8221;bottom&#8221; shape_type=&#8221;&#8221;][vc_column centered_text=&#8221;true&#8221; column_padding=&#8221;no-extra-padding&#8221; column_padding_position=&#8221;all&#8221; background_color_opacity=&#8221;1&#8243; background_hover_color_opacity=&#8221;1&#8243; font_color=&#8221;#000000&#8243; column_shadow=&#8221;none&#8221; column_border_radius=&#8221;none&#8221; width=&#8221;1\/6&#8243; tablet_text_alignment=&#8221;center&#8221; phone_text_alignment=&#8221;center&#8221; column_border_width=&#8221;none&#8221; column_border_style=&#8221;solid&#8221;][\/vc_column][vc_column centered_text=&#8221;true&#8221; column_padding=&#8221;no-extra-padding&#8221; column_padding_position=&#8221;all&#8221; background_color_opacity=&#8221;1&#8243; background_hover_color_opacity=&#8221;1&#8243; column_shadow=&#8221;none&#8221; column_border_radius=&#8221;none&#8221; width=&#8221;2\/3&#8243; tablet_text_alignment=&#8221;center&#8221; phone_text_alignment=&#8221;center&#8221; column_border_width=&#8221;none&#8221; column_border_style=&#8221;solid&#8221;][vc_column_text]\n<p style=\"text-align: center;\"><strong>Relats Oberts 1-O neix amb un doble objectiu. Per un banda, analitzar el relat pol\u00edtic que, a trav\u00e9s de Twitter, es va desenvolupar durant la celebraci\u00f3 del refer\u00e8ndum d\u2019autodeterminaci\u00f3 de l\u20191 d\u2019octubre, a trav\u00e9s de les dades obertes que van generar els comptes dels 13 pol\u00edtics catalans i espanyols m\u00e9s determinants d\u2019aquell dia.<\/strong><\/p>\n<p style=\"text-align: center;\"><strong>En paral\u00b7lel, el segon objectiu \u00e9s recollir els relats ciutadans viscuts durant aquella jornada electoral excepcional. Ho fem a trav\u00e9s d\u2019una enquesta pr\u00f2pia i col\u00b7laborativa, que ja ha recollit m\u00e9s d\u2019un centenar d\u2019hist\u00f2ries personals i que cada dia en suma moltes m\u00e9s. La fita marcada \u00e9s que no quedin en l\u2019oblit les viv\u00e8ncies particulars que conformen la nostra mem\u00f2ria col\u00b7lectiva d\u2019aquell dia hist\u00f2ric. <\/strong><\/p>\n<p style=\"text-align: center;\"><strong>En conjunt, Relats Oberts 1-O \u00e9s el primer projecte de dades obertes d\u2019StoryData, un grup de dones periodistes sorgit de la formaci\u00f3 en \u2018Periodisme de Dades\u2019 que ofereix <a href=\"http:\/\/www.iniciativabarcelonaopendata.cat\/\">Iniciativa Open Data Barcelona<\/a>.\u00a0Defensem que les dades obertes, i m\u00e9s aquelles obtingudes de forma col\u00b7laborativa, s\u00f3n una gran eina de difusi\u00f3 i de transmissi\u00f3 d\u2019hist\u00f2ries. Vols deixar testimoni del teu relat?<\/strong><\/p>\n[\/vc_column_text][\/vc_column][vc_column column_padding=&#8221;no-extra-padding&#8221; column_padding_position=&#8221;all&#8221; background_color_opacity=&#8221;1&#8243; background_hover_color_opacity=&#8221;1&#8243; column_shadow=&#8221;none&#8221; column_border_radius=&#8221;none&#8221; width=&#8221;1\/6&#8243; tablet_text_alignment=&#8221;default&#8221; phone_text_alignment=&#8221;default&#8221; column_border_width=&#8221;none&#8221; column_border_style=&#8221;solid&#8221;][\/vc_column][\/vc_row][vc_row type=&#8221;full_width_background&#8221; full_screen_row_position=&#8221;middle&#8221; scene_position=&#8221;center&#8221; text_color=&#8221;dark&#8221; text_align=&#8221;center&#8221; overlay_strength=&#8221;0.3&#8243; shape_divider_position=&#8221;bottom&#8221; shape_type=&#8221;&#8221;][vc_column centered_text=&#8221;true&#8221; column_padding=&#8221;no-extra-padding&#8221; column_padding_position=&#8221;all&#8221; background_color_opacity=&#8221;1&#8243; background_hover_color_opacity=&#8221;1&#8243; column_shadow=&#8221;none&#8221; column_border_radius=&#8221;none&#8221; width=&#8221;1\/6&#8243; tablet_text_alignment=&#8221;center&#8221; phone_text_alignment=&#8221;center&#8221; column_border_width=&#8221;none&#8221; column_border_style=&#8221;solid&#8221;][\/vc_column][vc_column column_padding=&#8221;no-extra-padding&#8221; column_padding_position=&#8221;all&#8221; background_color_opacity=&#8221;1&#8243; background_hover_color_opacity=&#8221;1&#8243; column_shadow=&#8221;none&#8221; column_border_radius=&#8221;none&#8221; width=&#8221;2\/3&#8243; tablet_text_alignment=&#8221;center&#8221; phone_text_alignment=&#8221;center&#8221; column_border_width=&#8221;none&#8221; column_border_style=&#8221;solid&#8221;][nectar_btn size=&#8221;small&#8221; open_new_tab=&#8221;true&#8221; button_style=&#8221;regular&#8221; button_color_2=&#8221;Accent-Color&#8221; icon_family=&#8221;none&#8221; url=&#8221;https:\/\/bit.ly\/relatsoberts1o&#8221; text=&#8221;Explica el teu relat de l&#8217;1-O&#8221;][\/vc_column][vc_column column_padding=&#8221;no-extra-padding&#8221; column_padding_position=&#8221;all&#8221; background_color_opacity=&#8221;1&#8243; background_hover_color_opacity=&#8221;1&#8243; column_shadow=&#8221;none&#8221; column_border_radius=&#8221;none&#8221; width=&#8221;1\/6&#8243; tablet_text_alignment=&#8221;default&#8221; phone_text_alignment=&#8221;default&#8221; column_border_width=&#8221;none&#8221; column_border_style=&#8221;solid&#8221;][\/vc_column][\/vc_row]\n","protected":false},"excerpt":{"rendered":"<p>[vc_row type=&#8221;full_width_background&#8221; full_screen_row_position=&#8221;middle&#8221; scene_position=&#8221;center&#8221; text_color=&#8221;dark&#8221; text_align=&#8221;center&#8221; overlay_strength=&#8221;0.3&#8243; shape_divider_position=&#8221;bottom&#8221; shape_type=&#8221;&#8221;][vc_column centered_text=&#8221;true&#8221; column_padding=&#8221;no-extra-padding&#8221; column_padding_position=&#8221;all&#8221; background_color_opacity=&#8221;1&#8243; background_hover_color_opacity=&#8221;1&#8243; column_shadow=&#8221;none&#8221; column_border_radius=&#8221;none&#8221; width=&#8221;1\/1&#8243; tablet_text_alignment=&#8221;center&#8221; phone_text_alignment=&#8221;center&#8221; column_border_width=&#8221;none&#8221; column_border_style=&#8221;solid&#8221;][\/vc_column][\/vc_row][vc_row type=&#8221;full_width_background&#8221; full_screen_row_position=&#8221;middle&#8221; bg_color=&#8221;#ffffff&#8221; scene_position=&#8221;center&#8221; text_color=&#8221;dark&#8221; text_align=&#8221;center&#8221; overlay_strength=&#8221;0.3&#8243; shape_divider_position=&#8221;bottom&#8221; shape_type=&#8221;&#8221;][vc_column&#8230;<\/p>\n","protected":false},"author":2,"featured_media":0,"parent":0,"menu_order":0,"comment_status":"closed","ping_status":"closed","template":"","meta":{"footnotes":""},"class_list":["post-6","page","type-page","status-publish","hentry"],"yoast_head":"<!-- This site is optimized with the Yoast SEO plugin v24.5 - https:\/\/yoast.com\/wordpress\/plugins\/seo\/ -->\n<title>INICI - Relats1oberts<\/title>\n<meta name=\"robots\" content=\"index, follow, max-snippet:-1, max-image-preview:large, max-video-preview:-1\" \/>\n<link rel=\"canonical\" href=\"https:\/\/www.storydata.es\/relatsoberts\/\" \/>\n<meta property=\"og:locale\" content=\"ca_ES\" \/>\n<meta property=\"og:type\" content=\"article\" \/>\n<meta property=\"og:title\" content=\"INICI - Relats1oberts\" \/>\n<meta property=\"og:description\" content=\"[vc_row type=&#8221;full_width_background&#8221; full_screen_row_position=&#8221;middle&#8221; scene_position=&#8221;center&#8221; text_color=&#8221;dark&#8221; text_align=&#8221;center&#8221; overlay_strength=&#8221;0.3&#8243; shape_divider_position=&#8221;bottom&#8221; shape_type=&#8221;&#8221;][vc_column centered_text=&#8221;true&#8221; column_padding=&#8221;no-extra-padding&#8221; column_padding_position=&#8221;all&#8221; background_color_opacity=&#8221;1&#8243; background_hover_color_opacity=&#8221;1&#8243; column_shadow=&#8221;none&#8221; column_border_radius=&#8221;none&#8221; width=&#8221;1\/1&#8243; tablet_text_alignment=&#8221;center&#8221; phone_text_alignment=&#8221;center&#8221; column_border_width=&#8221;none&#8221; column_border_style=&#8221;solid&#8221;][\/vc_column][\/vc_row][vc_row type=&#8221;full_width_background&#8221; full_screen_row_position=&#8221;middle&#8221; bg_color=&#8221;#ffffff&#8221; scene_position=&#8221;center&#8221; text_color=&#8221;dark&#8221; text_align=&#8221;center&#8221; overlay_strength=&#8221;0.3&#8243; shape_divider_position=&#8221;bottom&#8221; shape_type=&#8221;&#8221;][vc_column...\" \/>\n<meta property=\"og:url\" content=\"https:\/\/www.storydata.es\/relatsoberts\/\" \/>\n<meta property=\"og:site_name\" content=\"Relats1oberts\" \/>\n<meta property=\"article:modified_time\" content=\"2017-12-12T20:07:30+00:00\" \/>\n<meta name=\"twitter:card\" content=\"summary_large_image\" \/>\n<meta name=\"twitter:label1\" content=\"Temps estimat de lectura\" \/>\n\t<meta name=\"twitter:data1\" content=\"3 minuts\" \/>\n<script type=\"application\/ld+json\" class=\"yoast-schema-graph\">{\"@context\":\"https:\/\/schema.org\",\"@graph\":[{\"@type\":\"WebPage\",\"@id\":\"https:\/\/www.storydata.es\/relatsoberts\/\",\"url\":\"https:\/\/www.storydata.es\/relatsoberts\/\",\"name\":\"INICI - Relats1oberts\",\"isPartOf\":{\"@id\":\"https:\/\/www.storydata.es\/relatsoberts\/#website\"},\"datePublished\":\"2017-11-30T08:24:57+00:00\",\"dateModified\":\"2017-12-12T20:07:30+00:00\",\"breadcrumb\":{\"@id\":\"https:\/\/www.storydata.es\/relatsoberts\/#breadcrumb\"},\"inLanguage\":\"ca\",\"potentialAction\":[{\"@type\":\"ReadAction\",\"target\":[\"https:\/\/www.storydata.es\/relatsoberts\/\"]}]},{\"@type\":\"BreadcrumbList\",\"@id\":\"https:\/\/www.storydata.es\/relatsoberts\/#breadcrumb\",\"itemListElement\":[{\"@type\":\"ListItem\",\"position\":1,\"name\":\"Inici\",\"item\":\"https:\/\/www.storydata.es\/relatsoberts\/\"},{\"@type\":\"ListItem\",\"position\":2,\"name\":\"INICI\"}]},{\"@type\":\"WebSite\",\"@id\":\"https:\/\/www.storydata.es\/relatsoberts\/#website\",\"url\":\"https:\/\/www.storydata.es\/relatsoberts\/\",\"name\":\"Relats1oberts\",\"description\":\"From data to story\",\"potentialAction\":[{\"@type\":\"SearchAction\",\"target\":{\"@type\":\"EntryPoint\",\"urlTemplate\":\"https:\/\/www.storydata.es\/relatsoberts\/?s={search_term_string}\"},\"query-input\":{\"@type\":\"PropertyValueSpecification\",\"valueRequired\":true,\"valueName\":\"search_term_string\"}}],\"inLanguage\":\"ca\"}]}<\/script>\n<!-- \/ Yoast SEO plugin. -->","yoast_head_json":{"title":"INICI - Relats1oberts","robots":{"index":"index","follow":"follow","max-snippet":"max-snippet:-1","max-image-preview":"max-image-preview:large","max-video-preview":"max-video-preview:-1"},"canonical":"https:\/\/www.storydata.es\/relatsoberts\/","og_locale":"ca_ES","og_type":"article","og_title":"INICI - Relats1oberts","og_description":"[vc_row type=&#8221;full_width_background&#8221; full_screen_row_position=&#8221;middle&#8221; scene_position=&#8221;center&#8221; text_color=&#8221;dark&#8221; text_align=&#8221;center&#8221; overlay_strength=&#8221;0.3&#8243; shape_divider_position=&#8221;bottom&#8221; shape_type=&#8221;&#8221;][vc_column centered_text=&#8221;true&#8221; column_padding=&#8221;no-extra-padding&#8221; column_padding_position=&#8221;all&#8221; background_color_opacity=&#8221;1&#8243; background_hover_color_opacity=&#8221;1&#8243; column_shadow=&#8221;none&#8221; column_border_radius=&#8221;none&#8221; width=&#8221;1\/1&#8243; tablet_text_alignment=&#8221;center&#8221; phone_text_alignment=&#8221;center&#8221; column_border_width=&#8221;none&#8221; column_border_style=&#8221;solid&#8221;][\/vc_column][\/vc_row][vc_row type=&#8221;full_width_background&#8221; full_screen_row_position=&#8221;middle&#8221; bg_color=&#8221;#ffffff&#8221; scene_position=&#8221;center&#8221; text_color=&#8221;dark&#8221; text_align=&#8221;center&#8221; overlay_strength=&#8221;0.3&#8243; shape_divider_position=&#8221;bottom&#8221; shape_type=&#8221;&#8221;][vc_column...","og_url":"https:\/\/www.storydata.es\/relatsoberts\/","og_site_name":"Relats1oberts","article_modified_time":"2017-12-12T20:07:30+00:00","twitter_card":"summary_large_image","twitter_misc":{"Temps estimat de lectura":"3 minuts"},"schema":{"@context":"https:\/\/schema.org","@graph":[{"@type":"WebPage","@id":"https:\/\/www.storydata.es\/relatsoberts\/","url":"https:\/\/www.storydata.es\/relatsoberts\/","name":"INICI - Relats1oberts","isPartOf":{"@id":"https:\/\/www.storydata.es\/relatsoberts\/#website"},"datePublished":"2017-11-30T08:24:57+00:00","dateModified":"2017-12-12T20:07:30+00:00","breadcrumb":{"@id":"https:\/\/www.storydata.es\/relatsoberts\/#breadcrumb"},"inLanguage":"ca","potentialAction":[{"@type":"ReadAction","target":["https:\/\/www.storydata.es\/relatsoberts\/"]}]},{"@type":"BreadcrumbList","@id":"https:\/\/www.storydata.es\/relatsoberts\/#breadcrumb","itemListElement":[{"@type":"ListItem","position":1,"name":"Inici","item":"https:\/\/www.storydata.es\/relatsoberts\/"},{"@type":"ListItem","position":2,"name":"INICI"}]},{"@type":"WebSite","@id":"https:\/\/www.storydata.es\/relatsoberts\/#website","url":"https:\/\/www.storydata.es\/relatsoberts\/","name":"Relats1oberts","description":"From data to story","potentialAction":[{"@type":"SearchAction","target":{"@type":"EntryPoint","urlTemplate":"https:\/\/www.storydata.es\/relatsoberts\/?s={search_term_string}"},"query-input":{"@type":"PropertyValueSpecification","valueRequired":true,"valueName":"search_term_string"}}],"inLanguage":"ca"}]}},"_links":{"self":[{"href":"https:\/\/www.storydata.es\/relatsoberts\/wp-json\/wp\/v2\/pages\/6","targetHints":{"allow":["GET"]}}],"collection":[{"href":"https:\/\/www.storydata.es\/relatsoberts\/wp-json\/wp\/v2\/pages"}],"about":[{"href":"https:\/\/www.storydata.es\/relatsoberts\/wp-json\/wp\/v2\/types\/page"}],"author":[{"embeddable":true,"href":"https:\/\/www.storydata.es\/relatsoberts\/wp-json\/wp\/v2\/users\/2"}],"replies":[{"embeddable":true,"href":"https:\/\/www.storydata.es\/relatsoberts\/wp-json\/wp\/v2\/comments?post=6"}],"version-history":[{"count":58,"href":"https:\/\/www.storydata.es\/relatsoberts\/wp-json\/wp\/v2\/pages\/6\/revisions"}],"predecessor-version":[{"id":298,"href":"https:\/\/www.storydata.es\/relatsoberts\/wp-json\/wp\/v2\/pages\/6\/revisions\/298"}],"wp:attachment":[{"href":"https:\/\/www.storydata.es\/relatsoberts\/wp-json\/wp\/v2\/media?parent=6"}],"curies":[{"name":"wp","href":"https:\/\/api.w.org\/{rel}","templated":true}]}}